{"id":132,"date":"2023-01-21T23:38:47","date_gmt":"2023-01-21T22:38:47","guid":{"rendered":"http:\/\/www.augenaerztin-luzern.ch\/?page_id=132"},"modified":"2023-01-21T23:54:56","modified_gmt":"2023-01-21T22:54:56","slug":"impressum","status":"publish","type":"page","link":"https:\/\/www.augenaerztin-luzern.ch\/?page_id=132","title":{"rendered":""},"content":{"rendered":"\n<div class=\"inherit-container-width wp-block-group alignfull has-background is-layout-constrained wp-block-group-is-layout-constrained\" style=\"background:linear-gradient(142deg,rgba(121,219,180,0) 16%,rgb(161,244,226) 56%)\"><\/div>\n\n\n\n<h2 class=\"wp-block-heading\">Impressum<\/h2>\n\n\n\n<div class=\"wp-block-columns is-layout-flex wp-container-core-columns-is-layout-1 wp-block-columns-is-layout-flex\">\n<div class=\"wp-block-column is-layout-flow wp-block-column-is-layout-flow\">\n<h3 class=\"wp-block-heading\">Kontaktadresse<\/h3>\n\n\n\n<p>Dr. med. Esther Schmid-Gall<br>Kapellplatz 10<br>6004 Luzern<\/p>\n<\/div>\n\n\n\n<div class=\"wp-block-column is-layout-flow wp-block-column-is-layout-flow\">\n<h3 class=\"wp-block-heading\">Haftungsausschluss<\/h3>\n\n\n\n<p>Die auf dieser Website bereitgestellten Informationen dienen ausschlie\u00dflich zu Informationszwecken und stellen keine Rechts- oder sonstige Beratung dar. Wir \u00fcbernehmen keine Haftung f\u00fcr die Richtigkeit, Vollst\u00e4ndigkeit und Aktualit\u00e4t der bereitgestellten Informationen.<\/p>\n\n\n\n<p>Die Verwendung der auf dieser Website bereitgestellten Informationen erfolgt auf eigene Gefahr. Wir \u00fcbernehmen keine Haftung f\u00fcr Sch\u00e4den jeglicher Art, die direkt oder indirekt aus der Verwendung der bereitgestellten Informationen entstehen.<\/p>\n\n\n\n<p>Die auf dieser Website bereitgestellten Informationen d\u00fcrfen ohne vorherige schriftliche Zustimmung weder reproduziert noch weitergegeben werden. Unsere Website enth\u00e4lt Links zu externen Websites Dritter, auf deren Inhalte wir keinen Einfluss haben. Deshalb k\u00f6nnen wir f\u00fcr diese fremden Inhalte auch keine Gew\u00e4hr \u00fcbernehmen. F\u00fcr die Inhalte der verlinkten Seiten ist stets der jeweilige Anbieter oder Betreiber der Seiten verantwortlich.<\/p>\n\n\n\n<p>Dieser Haftungsausschluss ist als Teil des Internetangebotes zu betrachten, von dem aus auf diese Seite verwiesen wurde. Sofern Teile oder einzelne Formulierungen dieses Textes der geltenden Rechtslage nicht, nicht mehr oder nicht vollst\u00e4ndig entsprechen sollten, bleiben die \u00fcbrigen Teile des Dokumentes in ihrem Inhalt und ihrer G\u00fcltigkeit davon unber\u00fchrt.<\/p>\n<\/div>\n<\/div>\n","protected":false},"excerpt":{"rendered":"<p>Impressum Kontaktadresse Dr. med. Esther Schmid-GallKapellplatz 106004 Luzern Haftungsausschluss Die auf dieser Website bereitgestellten Informationen dienen ausschlie\u00dflich zu Informationszwecken und stellen keine Rechts- oder sonstige Beratung dar. Wir \u00fcbernehmen keine Haftung f\u00fcr die Richtigkeit, Vollst\u00e4ndigkeit und Aktualit\u00e4t der bereitgestellten Informationen. Die Verwendung der auf dieser Website bereitgestellten Informationen erfolgt auf eigene Gefahr. Wir \u00fcbernehmen keine &hellip;<\/p>\n<p class=\"read-more\"> <a class=\"\" href=\"https:\/\/www.augenaerztin-luzern.ch\/?page_id=132\">  Weiterlesen &raquo;<\/a><\/p>\n","protected":false},"author":1,"featured_media":0,"parent":0,"menu_order":0,"comment_status":"closed","ping_status":"closed","template":"","meta":{"site-sidebar-layout":"default","site-content-layout":"plain-container","ast-global-header-display":"","ast-main-header-display":"","ast-hfb-above-header-display":"","ast-hfb-below-header-display":"","ast-hfb-mobile-header-display":"","site-post-title":"","ast-breadcrumbs-content":"","ast-featured-img":"","footer-sml-layout":"","theme-transparent-header-meta":"enabled","adv-header-id-meta":"","stick-header-meta":"","header-above-stick-meta":"","header-main-stick-meta":"","header-below-stick-meta":"","footnotes":""},"class_list":["post-132","page","type-page","status-publish","hentry"],"_links":{"self":[{"href":"https:\/\/www.augenaerztin-luzern.ch\/index.php?rest_route=\/wp\/v2\/pages\/132"}],"collection":[{"href":"https:\/\/www.augenaerztin-luzern.ch\/index.php?rest_route=\/wp\/v2\/pages"}],"about":[{"href":"https:\/\/www.augenaerztin-luzern.ch\/index.php?rest_route=\/wp\/v2\/types\/page"}],"author":[{"embeddable":true,"href":"https:\/\/www.augenaerztin-luzern.ch\/index.php?rest_route=\/wp\/v2\/users\/1"}],"replies":[{"embeddable":true,"href":"https:\/\/www.augenaerztin-luzern.ch\/index.php?rest_route=%2Fwp%2Fv2%2Fcomments&post=132"}],"version-history":[{"count":6,"href":"https:\/\/www.augenaerztin-luzern.ch\/index.php?rest_route=\/wp\/v2\/pages\/132\/revisions"}],"predecessor-version":[{"id":141,"href":"https:\/\/www.augenaerztin-luzern.ch\/index.php?rest_route=\/wp\/v2\/pages\/132\/revisions\/141"}],"wp:attachment":[{"href":"https:\/\/www.augenaerztin-luzern.ch\/index.php?rest_route=%2Fwp%2Fv2%2Fmedia&parent=132"}],"curies":[{"name":"wp","href":"https:\/\/api.w.org\/{rel}","templated":true}]}}